{"id":9113,"date":"2020-02-12T13:11:38","date_gmt":"2020-02-12T12:11:38","guid":{"rendered":"https:\/\/abc-limoservice.com\/kontakt\/"},"modified":"2025-03-04T11:23:54","modified_gmt":"2025-03-04T10:23:54","slug":"kontakt","status":"publish","type":"page","link":"https:\/\/abc-limoservice.com\/da\/kontakt\/","title":{"rendered":"Kontakt"},"content":{"rendered":"\t\t<div data-elementor-type=\"wp-page\" data-elementor-id=\"9113\" class=\"elementor elementor-9113 elementor-61\" data-elementor-post-type=\"page\">\n\t\t\t\t<div class=\"elementor-element elementor-element-293c5c0b e-con-full no-padding e-flex e-con e-parent\" data-id=\"293c5c0b\" data-element_type=\"container\" data-e-type=\"container\">\n\t\t\t\t<div class=\"elementor-element elementor-element-cb5c06a elementor-widget elementor-widget-template\" data-id=\"cb5c06a\" data-element_type=\"widget\" data-e-type=\"widget\" data-widget_type=\"template.default\">\n\t\t\t\t<div class=\"elementor-widget-container\">\n\t\t\t\t\t\t\t<div class=\"elementor-template\">\n\t\t\t\t\t<div data-elementor-type=\"container\" data-elementor-id=\"6563\" class=\"elementor elementor-6563\" data-elementor-post-type=\"elementor_library\">\n\t\t\t\t<div class=\"elementor-element elementor-element-6b499f1f e-con-full no-padding e-flex e-con e-parent\" data-id=\"6b499f1f\" data-element_type=\"container\" data-e-type=\"container\">\n\t\t\t\t<div class=\"elementor-element elementor-element-1ecbb66 elementor-widget elementor-widget-template\" data-id=\"1ecbb66\" data-element_type=\"widget\" data-e-type=\"widget\" data-widget_type=\"template.default\">\n\t\t\t\t<div class=\"elementor-widget-container\">\n\t\t\t\t\t\t\t<div class=\"elementor-template\">\n\t\t\t\t\t<div data-elementor-type=\"container\" data-elementor-id=\"6542\" class=\"elementor elementor-6542\" data-elementor-post-type=\"elementor_library\">\n\t\t\t\t<div class=\"elementor-element elementor-element-2bc4b5ab white e-flex e-con-boxed e-con e-parent\" data-id=\"2bc4b5ab\" data-element_type=\"container\" data-e-type=\"container\" data-settings=\"{&quot;background_background&quot;:&quot;classic&quot;}\">\n\t\t\t\t\t<div class=\"e-con-inner\">\n\t\t\t\t<div class=\"elementor-element elementor-element-1d645c29 elementor-icon-list--layout-inline elementor-align-center elementor-list-item-link-full_width elementor-widget elementor-widget-icon-list\" data-id=\"1d645c29\" data-element_type=\"widget\" data-e-type=\"widget\" data-widget_type=\"icon-list.default\">\n\t\t\t\t<div class=\"elementor-widget-container\">\n\t\t\t\t\t\t\t<ul class=\"elementor-icon-list-items elementor-inline-items\">\n\t\t\t\t\t\t\t<li class=\"elementor-icon-list-item elementor-inline-item\">\n\t\t\t\t\t\t\t\t\t\t<span class=\"elementor-icon-list-text\"><a href=\"tel:+45 53 57 20 35\" aria-label=\"Telefon nummer\">+45 53 57 20 35<\/a><\/span>\n\t\t\t\t\t\t\t\t\t<\/li>\n\t\t\t\t\t\t\t\t<li class=\"elementor-icon-list-item elementor-inline-item\">\n\t\t\t\t\t\t\t\t\t\t<span class=\"elementor-icon-list-text\"><a href=\"mailto:limo@a1limo.dk & info@abc-limoservice.com\" aria-label=\"Email adresse\">limo@a1limo.dk & info@abc-limoservice.com<\/a><\/span>\n\t\t\t\t\t\t\t\t\t<\/li>\n\t\t\t\t\t\t<\/ul>\n\t\t\t\t\t\t<\/div>\n\t\t\t\t<\/div>\n\t\t\t\t\t<\/div>\n\t\t\t\t<\/div>\n\t\t\t\t<\/div>\n\t\t\t\t<\/div>\n\t\t\t\t\t\t<\/div>\n\t\t\t\t<\/div>\n\t\t\t\t<\/div>\n\t\t\t\t<\/div>\n\t\t\t\t<\/div>\n\t\t\t\t\t\t<\/div>\n\t\t\t\t<\/div>\n\t\t\t\t<\/div>\n\t\t<div class=\"elementor-element elementor-element-36839408 e-flex e-con-boxed e-con e-parent\" data-id=\"36839408\" data-element_type=\"container\" data-e-type=\"container\">\n\t\t\t\t\t<div class=\"e-con-inner\">\n\t\t<div class=\"elementor-element elementor-element-4410f24e e-con-full no-padding e-flex e-con e-child\" data-id=\"4410f24e\" data-element_type=\"container\" data-e-type=\"container\" data-settings=\"{&quot;background_background&quot;:&quot;classic&quot;}\">\n\t\t<div class=\"elementor-element elementor-element-f096162 e-con-full light padding e-flex e-con e-child\" data-id=\"f096162\" data-element_type=\"container\" data-e-type=\"container\">\n\t\t\t\t<div class=\"elementor-element elementor-element-57c7c892 elementor-widget elementor-widget-text-editor\" data-id=\"57c7c892\" data-element_type=\"widget\" data-e-type=\"widget\" data-widget_type=\"text-editor.default\">\n\t\t\t\t<div class=\"elementor-widget-container\">\n\t\t\t\t\t\t\t\t\t<h3>Vores kontaktoplysninger<\/h3><p><strong>A1 Limo &#038; ABC Limoservice<\/strong><br \/><a href=\"https:\/\/www.google.com\/maps\/place\/Poppelvej 32, 4600 K\u00f8ge \" target=\"_blank\" aria-label=\"Adresse\">Poppelvej 32, 4600 K\u00f8ge <\/a><\/p><p><a href=\"tel:+45 53 57 20 35\" aria-label=\"Telefon nummer\">+45 53 57 20 35<\/a><br \/><a href=\"mailto:limo@a1limo.dk\">limo@a1limo.dk<\/a><br \/><a href=\"mailto:info@abc-limoservice.com\">info@abc-limoservice.com<\/a><\/p><p>CVR nr.: 38945661<\/p>\t\t\t\t\t\t\t\t<\/div>\n\t\t\t\t<\/div>\n\t\t\t\t<div class=\"elementor-element elementor-element-6805fbdd some elementor-widget elementor-widget-html\" data-id=\"6805fbdd\" data-element_type=\"widget\" data-e-type=\"widget\" data-widget_type=\"html.default\">\n\t\t\t\t<div class=\"elementor-widget-container\">\n\t\t\t\t\t<a href=\"https:\/\/www.facebook.com\/p\/ABC-Limoservice-100057202758715\/\" target=\"_blank\" aria-label=\"F\u00f8lg os p\u00e5 Facebook\"><i class=\"fa-brands fa-facebook-f\"><\/i><\/a>\r\n<a href=\"https:\/\/www.instagram.com\/instagram-url\/\" target=\"_blank\" aria-label=\"F\u00f8lg os p\u00e5 Instagram\"><i class=\"fab fa-instagram\"><\/i><\/a>\t\t\t\t<\/div>\n\t\t\t\t<\/div>\n\t\t\t\t<\/div>\n\t\t<div class=\"elementor-element elementor-element-260bdb7a e-con-full padding e-flex e-con e-child\" data-id=\"260bdb7a\" data-element_type=\"container\" data-e-type=\"container\">\n\t\t\t\t<div class=\"elementor-element elementor-element-275e203d elementor-widget elementor-widget-heading\" data-id=\"275e203d\" data-element_type=\"widget\" data-e-type=\"widget\" data-widget_type=\"heading.default\">\n\t\t\t\t<div class=\"elementor-widget-container\">\n\t\t\t\t\t<p class=\"elementor-heading-title elementor-size-default\">Udfyld kontaktformularen her<\/p>\t\t\t\t<\/div>\n\t\t\t\t<\/div>\n\t\t\t\t<div class=\"elementor-element elementor-element-2e7968d8 elementor-widget__width-inherit elementor-widget elementor-widget-shortcode\" data-id=\"2e7968d8\" data-element_type=\"widget\" data-e-type=\"widget\" data-widget_type=\"shortcode.default\">\n\t\t\t\t<div class=\"elementor-widget-container\">\n\t\t\t\t\t\t\t<div class=\"elementor-shortcode\"><form id=\"forminator-module-9112\" class=\"forminator-custom-form forminator-custom-form-9112\" method=\"post\" data-forminator-render=\"0\" data-uid=\"69f3d344cf4f8\"><div role=\"alert\" aria-live=\"polite\" class=\"forminator-response-message forminator-error\" aria-hidden=\"true\"><\/div><\/form><\/div>\n\t\t\t\t\t\t<\/div>\n\t\t\t\t<\/div>\n\t\t\t\t<\/div>\n\t\t\t\t<\/div>\n\t\t\t\t\t<\/div>\n\t\t\t\t<\/div>\n\t\t<div class=\"elementor-element elementor-element-4a36d6dc e-con-full no-padding e-flex e-con e-parent\" data-id=\"4a36d6dc\" data-element_type=\"container\" data-e-type=\"container\">\n\t\t\t\t<div class=\"elementor-element elementor-element-4a633266 elementor-widget elementor-widget-google_maps\" data-id=\"4a633266\" data-element_type=\"widget\" data-e-type=\"widget\" data-widget_type=\"google_maps.default\">\n\t\t\t\t<div class=\"elementor-widget-container\">\n\t\t\t\t\t\t\t<div class=\"elementor-custom-embed\">\n\t\t\t<iframe loading=\"lazy\"\n\t\t\t\t\tsrc=\"https:\/\/maps.google.com\/maps?q=Poppelvej%2032%2C%204600%20K%C3%B8ge%20&#038;t=m&#038;z=10&#038;output=embed&#038;iwloc=near\"\n\t\t\t\t\ttitle=\"Poppelvej 32, 4600 K\u00f8ge \"\n\t\t\t\t\taria-label=\"Poppelvej 32, 4600 K\u00f8ge \"\n\t\t\t><\/iframe>\n\t\t<\/div>\n\t\t\t\t\t\t<\/div>\n\t\t\t\t<\/div>\n\t\t\t\t<\/div>\n\t\t\t\t<\/div>\n\t\t","protected":false},"excerpt":{"rendered":"<p>Har du sp\u00f8rgsm\u00e5l eller kommentarer? Kontakt os i dag for at h\u00f8re mere om, hvad vi kan g\u00f8re for dig.<\/p>\n","protected":false},"author":1,"featured_media":0,"parent":0,"menu_order":0,"comment_status":"closed","ping_status":"closed","template":"","meta":{"_acf_changed":false,"footnotes":""},"categories":[],"class_list":["post-9113","page","type-page","status-publish"],"acf":[],"yoast_head":"<!-- This site is optimized with the Yoast SEO plugin v27.5 - https:\/\/yoast.com\/product\/yoast-seo-wordpress\/ -->\n<title>Kontakt | A1 Limo &amp; ABC Limoservice<\/title>\n<meta name=\"robots\" content=\"index, follow, max-snippet:-1, max-image-preview:large, max-video-preview:-1\" \/>\n<link rel=\"canonical\" href=\"https:\/\/abc-limoservice.com\/contact\/\" \/>\n<meta property=\"og:locale\" content=\"da_DK\" \/>\n<meta property=\"og:type\" content=\"article\" \/>\n<meta property=\"og:title\" content=\"Kontakt | A1 Limo &amp; ABC Limoservice\" \/>\n<meta property=\"og:description\" content=\"Har du sp\u00f8rgsm\u00e5l eller kommentarer? Kontakt os i dag for at h\u00f8re mere om, hvad vi kan g\u00f8re for dig.\" \/>\n<meta property=\"og:url\" content=\"https:\/\/abc-limoservice.com\/contact\/\" \/>\n<meta property=\"og:site_name\" content=\"A1 Limo &amp; ABC Limoservice\" \/>\n<meta property=\"article:modified_time\" content=\"2025-03-04T10:23:54+00:00\" \/>\n<meta name=\"twitter:card\" content=\"summary_large_image\" \/>\n<script type=\"application\/ld+json\" class=\"yoast-schema-graph\">{\"@context\":\"https:\\\/\\\/schema.org\",\"@graph\":[{\"@type\":\"WebPage\",\"@id\":\"https:\\\/\\\/abc-limoservice.com\\\/contact\\\/\",\"url\":\"https:\\\/\\\/abc-limoservice.com\\\/contact\\\/\",\"name\":\"Kontakt | A1 Limo & ABC Limoservice\",\"isPartOf\":{\"@id\":\"https:\\\/\\\/abc-limoservice.com\\\/#website\"},\"datePublished\":\"2020-02-12T12:11:38+00:00\",\"dateModified\":\"2025-03-04T10:23:54+00:00\",\"breadcrumb\":{\"@id\":\"https:\\\/\\\/abc-limoservice.com\\\/contact\\\/#breadcrumb\"},\"inLanguage\":\"da-DK\",\"potentialAction\":[{\"@type\":\"ReadAction\",\"target\":[\"https:\\\/\\\/abc-limoservice.com\\\/contact\\\/\"]}]},{\"@type\":\"BreadcrumbList\",\"@id\":\"https:\\\/\\\/abc-limoservice.com\\\/contact\\\/#breadcrumb\",\"itemListElement\":[{\"@type\":\"ListItem\",\"position\":1,\"name\":\"Forside\",\"item\":\"https:\\\/\\\/abc-limoservice.com\\\/da\\\/\"},{\"@type\":\"ListItem\",\"position\":2,\"name\":\"Kontakt\"}]},{\"@type\":\"WebSite\",\"@id\":\"https:\\\/\\\/abc-limoservice.com\\\/#website\",\"url\":\"https:\\\/\\\/abc-limoservice.com\\\/\",\"name\":\"A1 Limo & ABC Limoservice\",\"description\":\"Fleksible k\u00f8rselsbehov i K\u00f8benhavn med erfarne og velkl\u00e6dte chauff\u00f8rer og topmoderne biler\",\"publisher\":{\"@id\":\"https:\\\/\\\/abc-limoservice.com\\\/#organization\"},\"potentialAction\":[{\"@type\":\"SearchAction\",\"target\":{\"@type\":\"EntryPoint\",\"urlTemplate\":\"https:\\\/\\\/abc-limoservice.com\\\/?s={search_term_string}\"},\"query-input\":{\"@type\":\"PropertyValueSpecification\",\"valueRequired\":true,\"valueName\":\"search_term_string\"}}],\"inLanguage\":\"da-DK\"},{\"@type\":\"Organization\",\"@id\":\"https:\\\/\\\/abc-limoservice.com\\\/#organization\",\"name\":\"A1 Limo & ABC Limoservice\",\"url\":\"https:\\\/\\\/abc-limoservice.com\\\/\",\"logo\":{\"@type\":\"ImageObject\",\"inLanguage\":\"da-DK\",\"@id\":\"https:\\\/\\\/abc-limoservice.com\\\/#\\\/schema\\\/logo\\\/image\\\/\",\"url\":\"https:\\\/\\\/abc-limoservice.com\\\/wp-content\\\/uploads\\\/2023\\\/09\\\/limologo.jpg\",\"contentUrl\":\"https:\\\/\\\/abc-limoservice.com\\\/wp-content\\\/uploads\\\/2023\\\/09\\\/limologo.jpg\",\"width\":400,\"height\":70,\"caption\":\"A1 Limo & ABC Limoservice\"},\"image\":{\"@id\":\"https:\\\/\\\/abc-limoservice.com\\\/#\\\/schema\\\/logo\\\/image\\\/\"}}]}<\/script>\n<!-- \/ Yoast SEO plugin. -->","yoast_head_json":{"title":"Kontakt | A1 Limo & ABC Limoservice","robots":{"index":"index","follow":"follow","max-snippet":"max-snippet:-1","max-image-preview":"max-image-preview:large","max-video-preview":"max-video-preview:-1"},"canonical":"https:\/\/abc-limoservice.com\/contact\/","og_locale":"da_DK","og_type":"article","og_title":"Kontakt | A1 Limo & ABC Limoservice","og_description":"Har du sp\u00f8rgsm\u00e5l eller kommentarer? Kontakt os i dag for at h\u00f8re mere om, hvad vi kan g\u00f8re for dig.","og_url":"https:\/\/abc-limoservice.com\/contact\/","og_site_name":"A1 Limo & ABC Limoservice","article_modified_time":"2025-03-04T10:23:54+00:00","twitter_card":"summary_large_image","schema":{"@context":"https:\/\/schema.org","@graph":[{"@type":"WebPage","@id":"https:\/\/abc-limoservice.com\/contact\/","url":"https:\/\/abc-limoservice.com\/contact\/","name":"Kontakt | A1 Limo & ABC Limoservice","isPartOf":{"@id":"https:\/\/abc-limoservice.com\/#website"},"datePublished":"2020-02-12T12:11:38+00:00","dateModified":"2025-03-04T10:23:54+00:00","breadcrumb":{"@id":"https:\/\/abc-limoservice.com\/contact\/#breadcrumb"},"inLanguage":"da-DK","potentialAction":[{"@type":"ReadAction","target":["https:\/\/abc-limoservice.com\/contact\/"]}]},{"@type":"BreadcrumbList","@id":"https:\/\/abc-limoservice.com\/contact\/#breadcrumb","itemListElement":[{"@type":"ListItem","position":1,"name":"Forside","item":"https:\/\/abc-limoservice.com\/da\/"},{"@type":"ListItem","position":2,"name":"Kontakt"}]},{"@type":"WebSite","@id":"https:\/\/abc-limoservice.com\/#website","url":"https:\/\/abc-limoservice.com\/","name":"A1 Limo & ABC Limoservice","description":"Fleksible k\u00f8rselsbehov i K\u00f8benhavn med erfarne og velkl\u00e6dte chauff\u00f8rer og topmoderne biler","publisher":{"@id":"https:\/\/abc-limoservice.com\/#organization"},"potentialAction":[{"@type":"SearchAction","target":{"@type":"EntryPoint","urlTemplate":"https:\/\/abc-limoservice.com\/?s={search_term_string}"},"query-input":{"@type":"PropertyValueSpecification","valueRequired":true,"valueName":"search_term_string"}}],"inLanguage":"da-DK"},{"@type":"Organization","@id":"https:\/\/abc-limoservice.com\/#organization","name":"A1 Limo & ABC Limoservice","url":"https:\/\/abc-limoservice.com\/","logo":{"@type":"ImageObject","inLanguage":"da-DK","@id":"https:\/\/abc-limoservice.com\/#\/schema\/logo\/image\/","url":"https:\/\/abc-limoservice.com\/wp-content\/uploads\/2023\/09\/limologo.jpg","contentUrl":"https:\/\/abc-limoservice.com\/wp-content\/uploads\/2023\/09\/limologo.jpg","width":400,"height":70,"caption":"A1 Limo & ABC Limoservice"},"image":{"@id":"https:\/\/abc-limoservice.com\/#\/schema\/logo\/image\/"}}]}},"_links":{"self":[{"href":"https:\/\/abc-limoservice.com\/da\/wp-json\/wp\/v2\/pages\/9113","targetHints":{"allow":["GET"]}}],"collection":[{"href":"https:\/\/abc-limoservice.com\/da\/wp-json\/wp\/v2\/pages"}],"about":[{"href":"https:\/\/abc-limoservice.com\/da\/wp-json\/wp\/v2\/types\/page"}],"author":[{"embeddable":true,"href":"https:\/\/abc-limoservice.com\/da\/wp-json\/wp\/v2\/users\/1"}],"replies":[{"embeddable":true,"href":"https:\/\/abc-limoservice.com\/da\/wp-json\/wp\/v2\/comments?post=9113"}],"version-history":[{"count":4,"href":"https:\/\/abc-limoservice.com\/da\/wp-json\/wp\/v2\/pages\/9113\/revisions"}],"predecessor-version":[{"id":9176,"href":"https:\/\/abc-limoservice.com\/da\/wp-json\/wp\/v2\/pages\/9113\/revisions\/9176"}],"wp:attachment":[{"href":"https:\/\/abc-limoservice.com\/da\/wp-json\/wp\/v2\/media?parent=9113"}],"wp:term":[{"taxonomy":"category","embeddable":true,"href":"https:\/\/abc-limoservice.com\/da\/wp-json\/wp\/v2\/categories?post=9113"}],"curies":[{"name":"wp","href":"https:\/\/api.w.org\/{rel}","templated":true}]}}