{"id":9111,"date":"2024-11-12T12:57:58","date_gmt":"2024-11-12T11:57:58","guid":{"rendered":"https:\/\/abc-limoservice.com\/gdpr\/"},"modified":"2024-11-12T12:57:58","modified_gmt":"2024-11-12T11:57:58","slug":"gdpr","status":"publish","type":"page","link":"https:\/\/abc-limoservice.com\/da\/gdpr\/","title":{"rendered":"GDPR"},"content":{"rendered":"","protected":false},"excerpt":{"rendered":"","protected":false},"author":5,"featured_media":0,"parent":0,"menu_order":0,"comment_status":"closed","ping_status":"closed","template":"","meta":{"_acf_changed":false,"footnotes":""},"categories":[],"class_list":["post-9111","page","type-page","status-publish"],"acf":[],"yoast_head":"<!-- This site is optimized with the Yoast SEO plugin v27.5 - https:\/\/yoast.com\/product\/yoast-seo-wordpress\/ -->\n<title>GDPR | A1 Limo &amp; ABC Limoservice<\/title>\n<meta name=\"robots\" content=\"index, follow, max-snippet:-1, max-image-preview:large, max-video-preview:-1\" \/>\n<link rel=\"canonical\" href=\"https:\/\/abc-limoservice.com\/gdpr\/\" \/>\n<meta property=\"og:locale\" content=\"da_DK\" \/>\n<meta property=\"og:type\" content=\"article\" \/>\n<meta property=\"og:title\" content=\"GDPR | A1 Limo &amp; ABC Limoservice\" \/>\n<meta property=\"og:url\" content=\"https:\/\/abc-limoservice.com\/gdpr\/\" \/>\n<meta property=\"og:site_name\" content=\"A1 Limo &amp; ABC Limoservice\" \/>\n<meta name=\"twitter:card\" content=\"summary_large_image\" \/>\n<script type=\"application\/ld+json\" class=\"yoast-schema-graph\">{\"@context\":\"https:\\\/\\\/schema.org\",\"@graph\":[{\"@type\":\"WebPage\",\"@id\":\"https:\\\/\\\/abc-limoservice.com\\\/gdpr\\\/\",\"url\":\"https:\\\/\\\/abc-limoservice.com\\\/gdpr\\\/\",\"name\":\"GDPR | A1 Limo & ABC Limoservice\",\"isPartOf\":{\"@id\":\"https:\\\/\\\/abc-limoservice.com\\\/#website\"},\"datePublished\":\"2024-11-12T11:57:58+00:00\",\"breadcrumb\":{\"@id\":\"https:\\\/\\\/abc-limoservice.com\\\/gdpr\\\/#breadcrumb\"},\"inLanguage\":\"da-DK\",\"potentialAction\":[{\"@type\":\"ReadAction\",\"target\":[\"https:\\\/\\\/abc-limoservice.com\\\/gdpr\\\/\"]}]},{\"@type\":\"BreadcrumbList\",\"@id\":\"https:\\\/\\\/abc-limoservice.com\\\/gdpr\\\/#breadcrumb\",\"itemListElement\":[{\"@type\":\"ListItem\",\"position\":1,\"name\":\"Forside\",\"item\":\"https:\\\/\\\/abc-limoservice.com\\\/da\\\/\"},{\"@type\":\"ListItem\",\"position\":2,\"name\":\"GDPR\"}]},{\"@type\":\"WebSite\",\"@id\":\"https:\\\/\\\/abc-limoservice.com\\\/#website\",\"url\":\"https:\\\/\\\/abc-limoservice.com\\\/\",\"name\":\"A1 Limo & ABC Limoservice\",\"description\":\"Fleksible k\u00f8rselsbehov i K\u00f8benhavn med erfarne og velkl\u00e6dte chauff\u00f8rer og topmoderne biler\",\"publisher\":{\"@id\":\"https:\\\/\\\/abc-limoservice.com\\\/#organization\"},\"potentialAction\":[{\"@type\":\"SearchAction\",\"target\":{\"@type\":\"EntryPoint\",\"urlTemplate\":\"https:\\\/\\\/abc-limoservice.com\\\/?s={search_term_string}\"},\"query-input\":{\"@type\":\"PropertyValueSpecification\",\"valueRequired\":true,\"valueName\":\"search_term_string\"}}],\"inLanguage\":\"da-DK\"},{\"@type\":\"Organization\",\"@id\":\"https:\\\/\\\/abc-limoservice.com\\\/#organization\",\"name\":\"A1 Limo & ABC Limoservice\",\"url\":\"https:\\\/\\\/abc-limoservice.com\\\/\",\"logo\":{\"@type\":\"ImageObject\",\"inLanguage\":\"da-DK\",\"@id\":\"https:\\\/\\\/abc-limoservice.com\\\/#\\\/schema\\\/logo\\\/image\\\/\",\"url\":\"https:\\\/\\\/abc-limoservice.com\\\/wp-content\\\/uploads\\\/2023\\\/09\\\/limologo.jpg\",\"contentUrl\":\"https:\\\/\\\/abc-limoservice.com\\\/wp-content\\\/uploads\\\/2023\\\/09\\\/limologo.jpg\",\"width\":400,\"height\":70,\"caption\":\"A1 Limo & ABC Limoservice\"},\"image\":{\"@id\":\"https:\\\/\\\/abc-limoservice.com\\\/#\\\/schema\\\/logo\\\/image\\\/\"}}]}<\/script>\n<!-- \/ Yoast SEO plugin. -->","yoast_head_json":{"title":"GDPR | A1 Limo & ABC Limoservice","robots":{"index":"index","follow":"follow","max-snippet":"max-snippet:-1","max-image-preview":"max-image-preview:large","max-video-preview":"max-video-preview:-1"},"canonical":"https:\/\/abc-limoservice.com\/gdpr\/","og_locale":"da_DK","og_type":"article","og_title":"GDPR | A1 Limo & ABC Limoservice","og_url":"https:\/\/abc-limoservice.com\/gdpr\/","og_site_name":"A1 Limo & ABC Limoservice","twitter_card":"summary_large_image","schema":{"@context":"https:\/\/schema.org","@graph":[{"@type":"WebPage","@id":"https:\/\/abc-limoservice.com\/gdpr\/","url":"https:\/\/abc-limoservice.com\/gdpr\/","name":"GDPR | A1 Limo & ABC Limoservice","isPartOf":{"@id":"https:\/\/abc-limoservice.com\/#website"},"datePublished":"2024-11-12T11:57:58+00:00","breadcrumb":{"@id":"https:\/\/abc-limoservice.com\/gdpr\/#breadcrumb"},"inLanguage":"da-DK","potentialAction":[{"@type":"ReadAction","target":["https:\/\/abc-limoservice.com\/gdpr\/"]}]},{"@type":"BreadcrumbList","@id":"https:\/\/abc-limoservice.com\/gdpr\/#breadcrumb","itemListElement":[{"@type":"ListItem","position":1,"name":"Forside","item":"https:\/\/abc-limoservice.com\/da\/"},{"@type":"ListItem","position":2,"name":"GDPR"}]},{"@type":"WebSite","@id":"https:\/\/abc-limoservice.com\/#website","url":"https:\/\/abc-limoservice.com\/","name":"A1 Limo & ABC Limoservice","description":"Fleksible k\u00f8rselsbehov i K\u00f8benhavn med erfarne og velkl\u00e6dte chauff\u00f8rer og topmoderne biler","publisher":{"@id":"https:\/\/abc-limoservice.com\/#organization"},"potentialAction":[{"@type":"SearchAction","target":{"@type":"EntryPoint","urlTemplate":"https:\/\/abc-limoservice.com\/?s={search_term_string}"},"query-input":{"@type":"PropertyValueSpecification","valueRequired":true,"valueName":"search_term_string"}}],"inLanguage":"da-DK"},{"@type":"Organization","@id":"https:\/\/abc-limoservice.com\/#organization","name":"A1 Limo & ABC Limoservice","url":"https:\/\/abc-limoservice.com\/","logo":{"@type":"ImageObject","inLanguage":"da-DK","@id":"https:\/\/abc-limoservice.com\/#\/schema\/logo\/image\/","url":"https:\/\/abc-limoservice.com\/wp-content\/uploads\/2023\/09\/limologo.jpg","contentUrl":"https:\/\/abc-limoservice.com\/wp-content\/uploads\/2023\/09\/limologo.jpg","width":400,"height":70,"caption":"A1 Limo & ABC Limoservice"},"image":{"@id":"https:\/\/abc-limoservice.com\/#\/schema\/logo\/image\/"}}]}},"_links":{"self":[{"href":"https:\/\/abc-limoservice.com\/da\/wp-json\/wp\/v2\/pages\/9111","targetHints":{"allow":["GET"]}}],"collection":[{"href":"https:\/\/abc-limoservice.com\/da\/wp-json\/wp\/v2\/pages"}],"about":[{"href":"https:\/\/abc-limoservice.com\/da\/wp-json\/wp\/v2\/types\/page"}],"author":[{"embeddable":true,"href":"https:\/\/abc-limoservice.com\/da\/wp-json\/wp\/v2\/users\/5"}],"replies":[{"embeddable":true,"href":"https:\/\/abc-limoservice.com\/da\/wp-json\/wp\/v2\/comments?post=9111"}],"version-history":[{"count":0,"href":"https:\/\/abc-limoservice.com\/da\/wp-json\/wp\/v2\/pages\/9111\/revisions"}],"wp:attachment":[{"href":"https:\/\/abc-limoservice.com\/da\/wp-json\/wp\/v2\/media?parent=9111"}],"wp:term":[{"taxonomy":"category","embeddable":true,"href":"https:\/\/abc-limoservice.com\/da\/wp-json\/wp\/v2\/categories?post=9111"}],"curies":[{"name":"wp","href":"https:\/\/api.w.org\/{rel}","templated":true}]}}