{"id":9109,"date":"2024-11-12T12:51:08","date_gmt":"2024-11-12T11:51:08","guid":{"rendered":"https:\/\/abc-limoservice.com\/biler\/"},"modified":"2024-12-23T10:35:38","modified_gmt":"2024-12-23T09:35:38","slug":"biler","status":"publish","type":"page","link":"https:\/\/abc-limoservice.com\/da\/biler\/","title":{"rendered":"Biler"},"content":{"rendered":"\t\t<div data-elementor-type=\"wp-page\" data-elementor-id=\"9109\" class=\"elementor elementor-9109 elementor-8948\" data-elementor-post-type=\"page\">\n\t\t\t\t<div class=\"elementor-element elementor-element-675a4eca e-con-full no-padding e-flex e-con e-parent\" data-id=\"675a4eca\" data-element_type=\"container\" data-e-type=\"container\">\n\t\t\t\t<div class=\"elementor-element elementor-element-3e65b555 elementor-widget elementor-widget-template\" data-id=\"3e65b555\" data-element_type=\"widget\" data-e-type=\"widget\" data-widget_type=\"template.default\">\n\t\t\t\t<div class=\"elementor-widget-container\">\n\t\t\t\t\t\t\t<div class=\"elementor-template\">\n\t\t\t\t\t<div data-elementor-type=\"container\" data-elementor-id=\"6563\" class=\"elementor elementor-6563\" data-elementor-post-type=\"elementor_library\">\n\t\t\t\t<div class=\"elementor-element elementor-element-6b499f1f e-con-full no-padding e-flex e-con e-parent\" data-id=\"6b499f1f\" data-element_type=\"container\" data-e-type=\"container\">\n\t\t\t\t<div class=\"elementor-element elementor-element-1ecbb66 elementor-widget elementor-widget-template\" data-id=\"1ecbb66\" data-element_type=\"widget\" data-e-type=\"widget\" data-widget_type=\"template.default\">\n\t\t\t\t<div class=\"elementor-widget-container\">\n\t\t\t\t\t\t\t<div class=\"elementor-template\">\n\t\t\t\t\t<div data-elementor-type=\"container\" data-elementor-id=\"6542\" class=\"elementor elementor-6542\" data-elementor-post-type=\"elementor_library\">\n\t\t\t\t<div class=\"elementor-element elementor-element-2bc4b5ab white e-flex e-con-boxed e-con e-parent\" data-id=\"2bc4b5ab\" data-element_type=\"container\" data-e-type=\"container\" data-settings=\"{&quot;background_background&quot;:&quot;classic&quot;}\">\n\t\t\t\t\t<div class=\"e-con-inner\">\n\t\t\t\t<div class=\"elementor-element elementor-element-1d645c29 elementor-icon-list--layout-inline elementor-align-center elementor-list-item-link-full_width elementor-widget elementor-widget-icon-list\" data-id=\"1d645c29\" data-element_type=\"widget\" data-e-type=\"widget\" data-widget_type=\"icon-list.default\">\n\t\t\t\t<div class=\"elementor-widget-container\">\n\t\t\t\t\t\t\t<ul class=\"elementor-icon-list-items elementor-inline-items\">\n\t\t\t\t\t\t\t<li class=\"elementor-icon-list-item elementor-inline-item\">\n\t\t\t\t\t\t\t\t\t\t<span class=\"elementor-icon-list-text\"><a href=\"tel:+45 53 57 20 35\" aria-label=\"Telefon nummer\">+45 53 57 20 35<\/a><\/span>\n\t\t\t\t\t\t\t\t\t<\/li>\n\t\t\t\t\t\t\t\t<li class=\"elementor-icon-list-item elementor-inline-item\">\n\t\t\t\t\t\t\t\t\t\t<span class=\"elementor-icon-list-text\"><a href=\"mailto:limo@a1limo.dk & info@abc-limoservice.com\" aria-label=\"Email adresse\">limo@a1limo.dk & info@abc-limoservice.com<\/a><\/span>\n\t\t\t\t\t\t\t\t\t<\/li>\n\t\t\t\t\t\t<\/ul>\n\t\t\t\t\t\t<\/div>\n\t\t\t\t<\/div>\n\t\t\t\t\t<\/div>\n\t\t\t\t<\/div>\n\t\t\t\t<\/div>\n\t\t\t\t<\/div>\n\t\t\t\t\t\t<\/div>\n\t\t\t\t<\/div>\n\t\t\t\t<\/div>\n\t\t\t\t<\/div>\n\t\t\t\t<\/div>\n\t\t\t\t\t\t<\/div>\n\t\t\t\t<\/div>\n\t\t\t\t<\/div>\n\t\t<div class=\"elementor-element elementor-element-23a912b8 e-flex e-con-boxed e-con e-parent\" data-id=\"23a912b8\" data-element_type=\"container\" data-e-type=\"container\">\n\t\t\t\t\t<div class=\"e-con-inner\">\n\t\t<div class=\"elementor-element elementor-element-69c84c6f e-con-full e-flex e-con e-child\" data-id=\"69c84c6f\" data-element_type=\"container\" data-e-type=\"container\">\n\t\t\t\t<div class=\"elementor-element elementor-element-759475ab elementor-widget elementor-widget-text-editor\" data-id=\"759475ab\" data-element_type=\"widget\" data-e-type=\"widget\" data-widget_type=\"text-editor.default\">\n\t\t\t\t<div class=\"elementor-widget-container\">\n\t\t\t\t\t\t\t\t\t<h2>Business Biler i K\u00f8benhavn<\/h2>\n<h3>Vores chauff\u00f8rer<\/h3>\n<p>er s\u00e6rligt udvalgte, velkl\u00e6dte, diskrete, h\u00f8flige og hj\u00e6lpsomme. Alle har en grundig erfaring i taxi- og turistbranchen og taler mindst et hovedsprog. Udvidet k\u00f8rsels-behov kan bookes direkte hos chauff\u00f8ren.<\/p>\n<h3>Vores biler<\/h3>\n<p>Vores biler er nyere modeller, absolut velholdte og af anerkendte m\u00e6rker, hovedsagelig Mercedes, der synes hvert \u00e5r iflg. lovgivningen.<\/p>\n\t\t\t\t\t\t\t\t<\/div>\n\t\t\t\t<\/div>\n\t\t\t\t<\/div>\n\t\t<div class=\"elementor-element elementor-element-52b53567 e-con-full e-flex e-con e-child\" data-id=\"52b53567\" data-element_type=\"container\" data-e-type=\"container\">\n\t\t\t\t<div class=\"elementor-element elementor-element-71a997c1 dark elementor-widget elementor-widget-sidebar\" data-id=\"71a997c1\" data-element_type=\"widget\" data-e-type=\"widget\" data-widget_type=\"sidebar.default\">\n\t\t\t\t<div class=\"elementor-widget-container\">\n\t\t\t\t\t<aside id=\"text-12\" class=\"widget-odd widget-first widget-1 widget inner-padding widget_text\"><h2 class=\"widget-title\">Vil du h\u00f8re mere?<\/h2>\t\t\t<div class=\"textwidget\"><p>Udfyld formularen og vi kontakter dig hurtigst muligt.<\/p>\n<\/div>\n\t\t<\/aside><aside id=\"forminator_widget-3\" class=\"widget-odd widget-3 widget inner-padding widget_forminator_widget\"><form id=\"forminator-module-9115\" class=\"forminator-custom-form forminator-custom-form-9115\" method=\"post\" data-forminator-render=\"0\" data-uid=\"69f3e6666ebc6\"><div role=\"alert\" aria-live=\"polite\" class=\"forminator-response-message forminator-error\" aria-hidden=\"true\"><\/div><\/form><\/aside>\t\t\t\t<\/div>\n\t\t\t\t<\/div>\n\t\t\t\t<\/div>\n\t\t\t\t\t<\/div>\n\t\t\t\t<\/div>\n\t\t<div class=\"elementor-element elementor-element-38ceb6d1 light e-flex e-con-boxed e-con e-parent\" data-id=\"38ceb6d1\" data-element_type=\"container\" data-e-type=\"container\">\n\t\t\t\t\t<div class=\"e-con-inner\">\n\t\t\t\t<div class=\"elementor-element elementor-element-6b60a324 elementor-widget elementor-widget-heading\" data-id=\"6b60a324\" data-element_type=\"widget\" data-e-type=\"widget\" data-widget_type=\"heading.default\">\n\t\t\t\t<div class=\"elementor-widget-container\">\n\t\t\t\t\t<h4 class=\"elementor-heading-title elementor-size-default\">Se billeder af biler her<\/h4>\t\t\t\t<\/div>\n\t\t\t\t<\/div>\n\t\t\t\t<div class=\"elementor-element elementor-element-61c7d3bf elementor-widget elementor-widget-gallery\" data-id=\"61c7d3bf\" data-element_type=\"widget\" data-e-type=\"widget\" data-settings=\"{&quot;gap&quot;:{&quot;unit&quot;:&quot;px&quot;,&quot;size&quot;:30,&quot;sizes&quot;:[]},&quot;aspect_ratio&quot;:&quot;1:1&quot;,&quot;columns_tablet&quot;:3,&quot;columns_mobile&quot;:2,&quot;gap_tablet&quot;:{&quot;unit&quot;:&quot;px&quot;,&quot;size&quot;:15,&quot;sizes&quot;:[]},&quot;gap_mobile&quot;:{&quot;unit&quot;:&quot;px&quot;,&quot;size&quot;:15,&quot;sizes&quot;:[]},&quot;lazyload&quot;:&quot;yes&quot;,&quot;gallery_layout&quot;:&quot;grid&quot;,&quot;columns&quot;:4,&quot;gap_laptop&quot;:{&quot;unit&quot;:&quot;px&quot;,&quot;size&quot;:10,&quot;sizes&quot;:[]},&quot;link_to&quot;:&quot;file&quot;,&quot;content_hover_animation&quot;:&quot;fade-in&quot;}\" data-widget_type=\"gallery.default\">\n\t\t\t\t<div class=\"elementor-widget-container\">\n\t\t\t\t\t\t\t<div class=\"elementor-gallery__container\">\n\t\t\t\t\t\t\t<a class=\"e-gallery-item elementor-gallery-item elementor-animated-content\" href=\"https:\/\/abc-limoservice.com\/wp-content\/uploads\/2023\/01\/van-2-225.jpg\" data-elementor-open-lightbox=\"yes\" data-elementor-lightbox-slideshow=\"61c7d3bf\" data-e-action-hash=\"#elementor-action%3Aaction%3Dlightbox%26settings%3DeyJpZCI6OTAzOSwidXJsIjoiaHR0cHM6XC9cL2FiYy1saW1vc2VydmljZS5jb21cL3dwLWNvbnRlbnRcL3VwbG9hZHNcLzIwMjNcLzAxXC92YW4tMi0yMjUuanBnIiwic2xpZGVzaG93IjoiNjFjN2QzYmYifQ%3D%3D\" data-rel=\"-image-0\" data-rl_title=\"\" data-rl_caption=\"\" title=\"\">\n\t\t\t\t\t<div class=\"e-gallery-image elementor-gallery-item__image\" data-thumbnail=\"https:\/\/abc-limoservice.com\/wp-content\/uploads\/2023\/01\/van-2-225.jpg\" data-width=\"1440\" data-height=\"1080\" aria-label=\"Nationalmuseet\" role=\"img\" ><\/div>\n\t\t\t\t\t\t\t\t\t\t\t\t\t\t<\/a>\n\t\t\t\t\t\t\t<a class=\"e-gallery-item elementor-gallery-item elementor-animated-content\" href=\"https:\/\/abc-limoservice.com\/wp-content\/uploads\/2023\/01\/sightseeing-2-195.jpg\" data-elementor-open-lightbox=\"yes\" data-elementor-lightbox-slideshow=\"61c7d3bf\" data-e-action-hash=\"#elementor-action%3Aaction%3Dlightbox%26settings%3DeyJpZCI6OTA0NiwidXJsIjoiaHR0cHM6XC9cL2FiYy1saW1vc2VydmljZS5jb21cL3dwLWNvbnRlbnRcL3VwbG9hZHNcLzIwMjNcLzAxXC9zaWdodHNlZWluZy0yLTE5NS5qcGciLCJzbGlkZXNob3ciOiI2MWM3ZDNiZiJ9\" data-rel=\"-image-1\" data-rl_title=\"\" data-rl_caption=\"\" title=\"\">\n\t\t\t\t\t<div class=\"e-gallery-image elementor-gallery-item__image\" data-thumbnail=\"https:\/\/abc-limoservice.com\/wp-content\/uploads\/2023\/01\/sightseeing-2-195.jpg\" data-width=\"1150\" data-height=\"613\" aria-label=\"Mercedes p\u00e5 marken\" role=\"img\" ><\/div>\n\t\t\t\t\t\t\t\t\t\t\t\t\t\t<\/a>\n\t\t\t\t\t\t\t<a class=\"e-gallery-item elementor-gallery-item elementor-animated-content\" href=\"https:\/\/abc-limoservice.com\/wp-content\/uploads\/2023\/01\/abc-sclass-03-117.png\" data-elementor-open-lightbox=\"yes\" data-elementor-lightbox-slideshow=\"61c7d3bf\" data-e-action-hash=\"#elementor-action%3Aaction%3Dlightbox%26settings%3DeyJpZCI6OTA0MSwidXJsIjoiaHR0cHM6XC9cL2FiYy1saW1vc2VydmljZS5jb21cL3dwLWNvbnRlbnRcL3VwbG9hZHNcLzIwMjNcLzAxXC9hYmMtc2NsYXNzLTAzLTExNy5wbmciLCJzbGlkZXNob3ciOiI2MWM3ZDNiZiJ9\" data-rel=\"-image-2\" data-rl_title=\"\" data-rl_caption=\"\" title=\"\">\n\t\t\t\t\t<div class=\"e-gallery-image elementor-gallery-item__image\" data-thumbnail=\"https:\/\/abc-limoservice.com\/wp-content\/uploads\/2023\/01\/abc-sclass-03-117.png\" data-width=\"540\" data-height=\"364\" aria-label=\"Limousine service \" role=\"img\" ><\/div>\n\t\t\t\t\t\t\t\t\t\t\t\t\t\t<\/a>\n\t\t\t\t\t\t\t<a class=\"e-gallery-item elementor-gallery-item elementor-animated-content\" href=\"https:\/\/abc-limoservice.com\/wp-content\/uploads\/2023\/01\/abc-sclass-02-125.png\" data-elementor-open-lightbox=\"yes\" data-elementor-lightbox-slideshow=\"61c7d3bf\" data-e-action-hash=\"#elementor-action%3Aaction%3Dlightbox%26settings%3DeyJpZCI6OTA0MiwidXJsIjoiaHR0cHM6XC9cL2FiYy1saW1vc2VydmljZS5jb21cL3dwLWNvbnRlbnRcL3VwbG9hZHNcLzIwMjNcLzAxXC9hYmMtc2NsYXNzLTAyLTEyNS5wbmciLCJzbGlkZXNob3ciOiI2MWM3ZDNiZiJ9\" data-rel=\"-image-3\" data-rl_title=\"\" data-rl_caption=\"\" title=\"\">\n\t\t\t\t\t<div class=\"e-gallery-image elementor-gallery-item__image\" data-thumbnail=\"https:\/\/abc-limoservice.com\/wp-content\/uploads\/2023\/01\/abc-sclass-02-125.png\" data-width=\"540\" data-height=\"332\" aria-label=\"Private chauffeur \" role=\"img\" ><\/div>\n\t\t\t\t\t\t\t\t\t\t\t\t\t\t<\/a>\n\t\t\t\t\t<\/div>\n\t\t\t\t\t<\/div>\n\t\t\t\t<\/div>\n\t\t\t\t\t<\/div>\n\t\t\t\t<\/div>\n\t\t<div class=\"elementor-element elementor-element-7facac14 overlay white e-flex e-con-boxed e-con e-parent\" data-id=\"7facac14\" data-element_type=\"container\" data-e-type=\"container\" data-settings=\"{&quot;background_background&quot;:&quot;classic&quot;}\">\n\t\t\t\t\t<div class=\"e-con-inner\">\n\t\t\t\t<div class=\"elementor-element elementor-element-37542ffe elementor-widget__width-initial elementor-widget elementor-widget-text-editor\" data-id=\"37542ffe\" data-element_type=\"widget\" data-e-type=\"widget\" data-widget_type=\"text-editor.default\">\n\t\t\t\t<div class=\"elementor-widget-container\">\n\t\t\t\t\t\t\t\t\t<h3 class=\"wpb_wrapper\">Kontakt os og lad os tage en uforpligtende snak<\/h3>\r\nVi sidder klar til at besvare ethvert sp\u00f8rgsm\u00e5l, du m\u00e5tte have, som du ikke f\u00e5r besvaret her p\u00e5 hjemmesiden. S\u00e5 t\u00f8v ikke med at ringe eller skrive til os. Vi tager med gl\u00e6de en helt uforpligtende snak med dig om dine planer.\t\t\t\t\t\t\t\t<\/div>\n\t\t\t\t<\/div>\n\t\t\t\t<div class=\"elementor-element elementor-element-1c9ff886 elementor-align-center cta elementor-widget elementor-widget-button\" data-id=\"1c9ff886\" data-element_type=\"widget\" data-e-type=\"widget\" data-widget_type=\"button.default\">\n\t\t\t\t<div class=\"elementor-widget-container\">\n\t\t\t\t\t\t\t\t\t<div class=\"elementor-button-wrapper\">\n\t\t\t\t\t<a class=\"elementor-button elementor-button-link elementor-size-sm\" href=\"https:\/\/abc-limoservice.com\/contact\/\">\n\t\t\t\t\t\t<span class=\"elementor-button-content-wrapper\">\n\t\t\t\t\t\t\t\t\t<span class=\"elementor-button-text\">Kontakt os i dag<\/span>\n\t\t\t\t\t<\/span>\n\t\t\t\t\t<\/a>\n\t\t\t\t<\/div>\n\t\t\t\t\t\t\t\t<\/div>\n\t\t\t\t<\/div>\n\t\t\t\t\t<\/div>\n\t\t\t\t<\/div>\n\t\t\t\t<\/div>\n\t\t","protected":false},"excerpt":{"rendered":"<p>Business Biler i K\u00f8benhavn Vores chauff\u00f8rer er s\u00e6rligt udvalgte, velkl\u00e6dte, diskrete, h\u00f8flige og hj\u00e6lpsomme. Alle har en grundig erfaring i taxi- og turistbranchen og taler mindst et hovedsprog. Udvidet k\u00f8rsels-behov kan bookes direkte hos chauff\u00f8ren. Vores biler Vores biler er nyere modeller, absolut velholdte og af anerkendte m\u00e6rker, hovedsagelig Mercedes, der synes hvert \u00e5r iflg. &#8230; <a title=\"Biler\" class=\"read-more\" href=\"https:\/\/abc-limoservice.com\/da\/biler\/\" aria-label=\"Read more about Biler\">L\u00e6s Mere<\/a><\/p>\n","protected":false},"author":5,"featured_media":0,"parent":0,"menu_order":0,"comment_status":"closed","ping_status":"closed","template":"","meta":{"_acf_changed":false,"footnotes":""},"categories":[],"class_list":["post-9109","page","type-page","status-publish"],"acf":[],"yoast_head":"<!-- This site is optimized with the Yoast SEO plugin v27.5 - https:\/\/yoast.com\/product\/yoast-seo-wordpress\/ -->\n<title>Biler | A1 Limo &amp; ABC Limoservice<\/title>\n<meta name=\"robots\" content=\"index, follow, max-snippet:-1, max-image-preview:large, max-video-preview:-1\" \/>\n<link rel=\"canonical\" href=\"https:\/\/abc-limoservice.com\/vehicles\/\" \/>\n<meta property=\"og:locale\" content=\"da_DK\" \/>\n<meta property=\"og:type\" content=\"article\" \/>\n<meta property=\"og:title\" content=\"Biler | A1 Limo &amp; ABC Limoservice\" \/>\n<meta property=\"og:description\" content=\"Business Biler i K\u00f8benhavn Vores chauff\u00f8rer er s\u00e6rligt udvalgte, velkl\u00e6dte, diskrete, h\u00f8flige og hj\u00e6lpsomme. Alle har en grundig erfaring i taxi- og turistbranchen og taler mindst et hovedsprog. Udvidet k\u00f8rsels-behov kan bookes direkte hos chauff\u00f8ren. Vores biler Vores biler er nyere modeller, absolut velholdte og af anerkendte m\u00e6rker, hovedsagelig Mercedes, der synes hvert \u00e5r iflg. ... L\u00e6s Mere\" \/>\n<meta property=\"og:url\" content=\"https:\/\/abc-limoservice.com\/vehicles\/\" \/>\n<meta property=\"og:site_name\" content=\"A1 Limo &amp; ABC Limoservice\" \/>\n<meta property=\"article:modified_time\" content=\"2024-12-23T09:35:38+00:00\" \/>\n<meta name=\"twitter:card\" content=\"summary_large_image\" \/>\n<meta name=\"twitter:label1\" content=\"Estimeret l\u00e6setid\" \/>\n\t<meta name=\"twitter:data1\" content=\"1 minut\" \/>\n<script type=\"application\/ld+json\" class=\"yoast-schema-graph\">{\"@context\":\"https:\\\/\\\/schema.org\",\"@graph\":[{\"@type\":\"WebPage\",\"@id\":\"https:\\\/\\\/abc-limoservice.com\\\/vehicles\\\/\",\"url\":\"https:\\\/\\\/abc-limoservice.com\\\/vehicles\\\/\",\"name\":\"Biler | A1 Limo & ABC Limoservice\",\"isPartOf\":{\"@id\":\"https:\\\/\\\/abc-limoservice.com\\\/#website\"},\"datePublished\":\"2024-11-12T11:51:08+00:00\",\"dateModified\":\"2024-12-23T09:35:38+00:00\",\"breadcrumb\":{\"@id\":\"https:\\\/\\\/abc-limoservice.com\\\/vehicles\\\/#breadcrumb\"},\"inLanguage\":\"da-DK\",\"potentialAction\":[{\"@type\":\"ReadAction\",\"target\":[\"https:\\\/\\\/abc-limoservice.com\\\/vehicles\\\/\"]}]},{\"@type\":\"BreadcrumbList\",\"@id\":\"https:\\\/\\\/abc-limoservice.com\\\/vehicles\\\/#breadcrumb\",\"itemListElement\":[{\"@type\":\"ListItem\",\"position\":1,\"name\":\"Forside\",\"item\":\"https:\\\/\\\/abc-limoservice.com\\\/da\\\/\"},{\"@type\":\"ListItem\",\"position\":2,\"name\":\"Biler\"}]},{\"@type\":\"WebSite\",\"@id\":\"https:\\\/\\\/abc-limoservice.com\\\/#website\",\"url\":\"https:\\\/\\\/abc-limoservice.com\\\/\",\"name\":\"A1 Limo & ABC Limoservice\",\"description\":\"Fleksible k\u00f8rselsbehov i K\u00f8benhavn med erfarne og velkl\u00e6dte chauff\u00f8rer og topmoderne biler\",\"publisher\":{\"@id\":\"https:\\\/\\\/abc-limoservice.com\\\/#organization\"},\"potentialAction\":[{\"@type\":\"SearchAction\",\"target\":{\"@type\":\"EntryPoint\",\"urlTemplate\":\"https:\\\/\\\/abc-limoservice.com\\\/?s={search_term_string}\"},\"query-input\":{\"@type\":\"PropertyValueSpecification\",\"valueRequired\":true,\"valueName\":\"search_term_string\"}}],\"inLanguage\":\"da-DK\"},{\"@type\":\"Organization\",\"@id\":\"https:\\\/\\\/abc-limoservice.com\\\/#organization\",\"name\":\"A1 Limo & ABC Limoservice\",\"url\":\"https:\\\/\\\/abc-limoservice.com\\\/\",\"logo\":{\"@type\":\"ImageObject\",\"inLanguage\":\"da-DK\",\"@id\":\"https:\\\/\\\/abc-limoservice.com\\\/#\\\/schema\\\/logo\\\/image\\\/\",\"url\":\"https:\\\/\\\/abc-limoservice.com\\\/wp-content\\\/uploads\\\/2023\\\/09\\\/limologo.jpg\",\"contentUrl\":\"https:\\\/\\\/abc-limoservice.com\\\/wp-content\\\/uploads\\\/2023\\\/09\\\/limologo.jpg\",\"width\":400,\"height\":70,\"caption\":\"A1 Limo & ABC Limoservice\"},\"image\":{\"@id\":\"https:\\\/\\\/abc-limoservice.com\\\/#\\\/schema\\\/logo\\\/image\\\/\"}}]}<\/script>\n<!-- \/ Yoast SEO plugin. -->","yoast_head_json":{"title":"Biler | A1 Limo & ABC Limoservice","robots":{"index":"index","follow":"follow","max-snippet":"max-snippet:-1","max-image-preview":"max-image-preview:large","max-video-preview":"max-video-preview:-1"},"canonical":"https:\/\/abc-limoservice.com\/vehicles\/","og_locale":"da_DK","og_type":"article","og_title":"Biler | A1 Limo & ABC Limoservice","og_description":"Business Biler i K\u00f8benhavn Vores chauff\u00f8rer er s\u00e6rligt udvalgte, velkl\u00e6dte, diskrete, h\u00f8flige og hj\u00e6lpsomme. Alle har en grundig erfaring i taxi- og turistbranchen og taler mindst et hovedsprog. Udvidet k\u00f8rsels-behov kan bookes direkte hos chauff\u00f8ren. Vores biler Vores biler er nyere modeller, absolut velholdte og af anerkendte m\u00e6rker, hovedsagelig Mercedes, der synes hvert \u00e5r iflg. ... L\u00e6s Mere","og_url":"https:\/\/abc-limoservice.com\/vehicles\/","og_site_name":"A1 Limo & ABC Limoservice","article_modified_time":"2024-12-23T09:35:38+00:00","twitter_card":"summary_large_image","twitter_misc":{"Estimeret l\u00e6setid":"1 minut"},"schema":{"@context":"https:\/\/schema.org","@graph":[{"@type":"WebPage","@id":"https:\/\/abc-limoservice.com\/vehicles\/","url":"https:\/\/abc-limoservice.com\/vehicles\/","name":"Biler | A1 Limo & ABC Limoservice","isPartOf":{"@id":"https:\/\/abc-limoservice.com\/#website"},"datePublished":"2024-11-12T11:51:08+00:00","dateModified":"2024-12-23T09:35:38+00:00","breadcrumb":{"@id":"https:\/\/abc-limoservice.com\/vehicles\/#breadcrumb"},"inLanguage":"da-DK","potentialAction":[{"@type":"ReadAction","target":["https:\/\/abc-limoservice.com\/vehicles\/"]}]},{"@type":"BreadcrumbList","@id":"https:\/\/abc-limoservice.com\/vehicles\/#breadcrumb","itemListElement":[{"@type":"ListItem","position":1,"name":"Forside","item":"https:\/\/abc-limoservice.com\/da\/"},{"@type":"ListItem","position":2,"name":"Biler"}]},{"@type":"WebSite","@id":"https:\/\/abc-limoservice.com\/#website","url":"https:\/\/abc-limoservice.com\/","name":"A1 Limo & ABC Limoservice","description":"Fleksible k\u00f8rselsbehov i K\u00f8benhavn med erfarne og velkl\u00e6dte chauff\u00f8rer og topmoderne biler","publisher":{"@id":"https:\/\/abc-limoservice.com\/#organization"},"potentialAction":[{"@type":"SearchAction","target":{"@type":"EntryPoint","urlTemplate":"https:\/\/abc-limoservice.com\/?s={search_term_string}"},"query-input":{"@type":"PropertyValueSpecification","valueRequired":true,"valueName":"search_term_string"}}],"inLanguage":"da-DK"},{"@type":"Organization","@id":"https:\/\/abc-limoservice.com\/#organization","name":"A1 Limo & ABC Limoservice","url":"https:\/\/abc-limoservice.com\/","logo":{"@type":"ImageObject","inLanguage":"da-DK","@id":"https:\/\/abc-limoservice.com\/#\/schema\/logo\/image\/","url":"https:\/\/abc-limoservice.com\/wp-content\/uploads\/2023\/09\/limologo.jpg","contentUrl":"https:\/\/abc-limoservice.com\/wp-content\/uploads\/2023\/09\/limologo.jpg","width":400,"height":70,"caption":"A1 Limo & ABC Limoservice"},"image":{"@id":"https:\/\/abc-limoservice.com\/#\/schema\/logo\/image\/"}}]}},"_links":{"self":[{"href":"https:\/\/abc-limoservice.com\/da\/wp-json\/wp\/v2\/pages\/9109","targetHints":{"allow":["GET"]}}],"collection":[{"href":"https:\/\/abc-limoservice.com\/da\/wp-json\/wp\/v2\/pages"}],"about":[{"href":"https:\/\/abc-limoservice.com\/da\/wp-json\/wp\/v2\/types\/page"}],"author":[{"embeddable":true,"href":"https:\/\/abc-limoservice.com\/da\/wp-json\/wp\/v2\/users\/5"}],"replies":[{"embeddable":true,"href":"https:\/\/abc-limoservice.com\/da\/wp-json\/wp\/v2\/comments?post=9109"}],"version-history":[{"count":1,"href":"https:\/\/abc-limoservice.com\/da\/wp-json\/wp\/v2\/pages\/9109\/revisions"}],"predecessor-version":[{"id":9110,"href":"https:\/\/abc-limoservice.com\/da\/wp-json\/wp\/v2\/pages\/9109\/revisions\/9110"}],"wp:attachment":[{"href":"https:\/\/abc-limoservice.com\/da\/wp-json\/wp\/v2\/media?parent=9109"}],"wp:term":[{"taxonomy":"category","embeddable":true,"href":"https:\/\/abc-limoservice.com\/da\/wp-json\/wp\/v2\/categories?post=9109"}],"curies":[{"name":"wp","href":"https:\/\/api.w.org\/{rel}","templated":true}]}}