{"id":9105,"date":"2024-11-12T12:51:08","date_gmt":"2024-11-12T11:51:08","guid":{"rendered":"https:\/\/abc-limoservice.com\/business\/"},"modified":"2024-12-23T10:24:28","modified_gmt":"2024-12-23T09:24:28","slug":"business","status":"publish","type":"page","link":"https:\/\/abc-limoservice.com\/da\/business\/","title":{"rendered":"Business"},"content":{"rendered":"\t\t<div data-elementor-type=\"wp-page\" data-elementor-id=\"9105\" class=\"elementor elementor-9105 elementor-8946\" data-elementor-post-type=\"page\">\n\t\t\t\t<div class=\"elementor-element elementor-element-16b5f67f e-con-full no-padding e-flex e-con e-parent\" data-id=\"16b5f67f\" data-element_type=\"container\" data-e-type=\"container\">\n\t\t\t\t<div class=\"elementor-element elementor-element-374e1508 elementor-widget elementor-widget-template\" data-id=\"374e1508\" data-element_type=\"widget\" data-e-type=\"widget\" data-widget_type=\"template.default\">\n\t\t\t\t<div class=\"elementor-widget-container\">\n\t\t\t\t\t\t\t<div class=\"elementor-template\">\n\t\t\t\t\t<div data-elementor-type=\"container\" data-elementor-id=\"6563\" class=\"elementor elementor-6563\" data-elementor-post-type=\"elementor_library\">\n\t\t\t\t<div class=\"elementor-element elementor-element-6b499f1f e-con-full no-padding e-flex e-con e-parent\" data-id=\"6b499f1f\" data-element_type=\"container\" data-e-type=\"container\">\n\t\t\t\t<div class=\"elementor-element elementor-element-1ecbb66 elementor-widget elementor-widget-template\" data-id=\"1ecbb66\" data-element_type=\"widget\" data-e-type=\"widget\" data-widget_type=\"template.default\">\n\t\t\t\t<div class=\"elementor-widget-container\">\n\t\t\t\t\t\t\t<div class=\"elementor-template\">\n\t\t\t\t\t<div data-elementor-type=\"container\" data-elementor-id=\"6542\" class=\"elementor elementor-6542\" data-elementor-post-type=\"elementor_library\">\n\t\t\t\t<div class=\"elementor-element elementor-element-2bc4b5ab white e-flex e-con-boxed e-con e-parent\" data-id=\"2bc4b5ab\" data-element_type=\"container\" data-e-type=\"container\" data-settings=\"{&quot;background_background&quot;:&quot;classic&quot;}\">\n\t\t\t\t\t<div class=\"e-con-inner\">\n\t\t\t\t<div class=\"elementor-element elementor-element-1d645c29 elementor-icon-list--layout-inline elementor-align-center elementor-list-item-link-full_width elementor-widget elementor-widget-icon-list\" data-id=\"1d645c29\" data-element_type=\"widget\" data-e-type=\"widget\" data-widget_type=\"icon-list.default\">\n\t\t\t\t<div class=\"elementor-widget-container\">\n\t\t\t\t\t\t\t<ul class=\"elementor-icon-list-items elementor-inline-items\">\n\t\t\t\t\t\t\t<li class=\"elementor-icon-list-item elementor-inline-item\">\n\t\t\t\t\t\t\t\t\t\t<span class=\"elementor-icon-list-text\"><a href=\"tel:+45 53 57 20 35\" aria-label=\"Telefon nummer\">+45 53 57 20 35<\/a><\/span>\n\t\t\t\t\t\t\t\t\t<\/li>\n\t\t\t\t\t\t\t\t<li class=\"elementor-icon-list-item elementor-inline-item\">\n\t\t\t\t\t\t\t\t\t\t<span class=\"elementor-icon-list-text\"><a href=\"mailto:limo@a1limo.dk & info@abc-limoservice.com\" aria-label=\"Email adresse\">limo@a1limo.dk & info@abc-limoservice.com<\/a><\/span>\n\t\t\t\t\t\t\t\t\t<\/li>\n\t\t\t\t\t\t<\/ul>\n\t\t\t\t\t\t<\/div>\n\t\t\t\t<\/div>\n\t\t\t\t\t<\/div>\n\t\t\t\t<\/div>\n\t\t\t\t<\/div>\n\t\t\t\t<\/div>\n\t\t\t\t\t\t<\/div>\n\t\t\t\t<\/div>\n\t\t\t\t<\/div>\n\t\t\t\t<\/div>\n\t\t\t\t<\/div>\n\t\t\t\t\t\t<\/div>\n\t\t\t\t<\/div>\n\t\t\t\t<\/div>\n\t\t<div class=\"elementor-element elementor-element-1c1f8575 e-flex e-con-boxed e-con e-parent\" data-id=\"1c1f8575\" data-element_type=\"container\" data-e-type=\"container\">\n\t\t\t\t\t<div class=\"e-con-inner\">\n\t\t<div class=\"elementor-element elementor-element-348a33a2 e-con-full e-flex e-con e-child\" data-id=\"348a33a2\" data-element_type=\"container\" data-e-type=\"container\">\n\t\t\t\t<div class=\"elementor-element elementor-element-6eca5411 elementor-widget elementor-widget-text-editor\" data-id=\"6eca5411\" data-element_type=\"widget\" data-e-type=\"widget\" data-widget_type=\"text-editor.default\">\n\t\t\t\t<div class=\"elementor-widget-container\">\n\t\t\t\t\t\t\t\t\t<h2>Limousine Service, Forretningsk\u00f8rsel og Transfer Service<\/h2>\n<h3>Transfer-service<\/h3>\n<p>Vores h\u00f8flige og diskrete chauff\u00f8rer vil m\u00f8de dine g\u00e6ster i lufthavnen. Vi fungerer som dine g\u00e6sters personlige chauff\u00f8r ved at pr\u00e6sentere et skilt med dit firmalogo samt dine g\u00e6sters navne. Vi vil sikkert transportere dine g\u00e6ster til deres destination. Transferservice er en naturlig del af en forretningsplan.<\/p>\n<h4>Roadshows<\/h4>\n<p>Vi k\u00f8rer alle former for roadshows. Udnyt tiden optimalt \u2013 turen til Fyn, Jylland eller Sk\u00e5ne er tidsm\u00e6ssigt konkurrencedygtig med indenrigsflyvning. I vores limousiner er der ovenik\u00f8bet god benplads! Brug bilen som mobilt kontor, mens vi sikkert transporterer Dem til n\u00e6ste m\u00f8de.<\/p>\n<h4>Konference-k\u00f8rsel<\/h4>\n<p>Vi arrangerer, at Deres g\u00e6ster kommer fra lufthavn til hotel \u2013 til messe\/konference \u2013 og igen til hotel\/lufthavn sikkert og behageligt. Vi tilbyder endvidere at deltage i planl\u00e6gningen af Deres k\u00f8rselsbehov.<\/p>\n<h3>Erhvervskonto<\/h3>\n<p>Ring eller e-mail os for en virksomhedskonto. Vores professionelle hj\u00e6lpsomme chauff\u00f8rer vil fungere som dine g\u00e6sters personlige guide og og professionelt d\u00e6kke dine g\u00e6sters k\u00f8rselsbehov. Vi klarer alle former for k\u00f8rsel p\u00e5 en professionel og sikker m\u00e5de, og samtidig er vi meget fleksible og kan tilpasse os dine behov med meget kort varsel. Alle former for k\u00f8rsel kan d\u00e6kkes inden for en forretningsplan.<\/p>\n<h4>Kreditkort<\/h4>\n<p>Vi accepterer alle internationale kreditkort.<\/p>\n\t\t\t\t\t\t\t\t<\/div>\n\t\t\t\t<\/div>\n\t\t\t\t<\/div>\n\t\t<div class=\"elementor-element elementor-element-101256ba e-con-full e-flex e-con e-child\" data-id=\"101256ba\" data-element_type=\"container\" data-e-type=\"container\">\n\t\t\t\t<div class=\"elementor-element elementor-element-697bfff dark elementor-widget elementor-widget-sidebar\" data-id=\"697bfff\" data-element_type=\"widget\" data-e-type=\"widget\" data-widget_type=\"sidebar.default\">\n\t\t\t\t<div class=\"elementor-widget-container\">\n\t\t\t\t\t<aside id=\"text-12\" class=\"widget-odd widget-first widget-1 widget inner-padding widget_text\"><h2 class=\"widget-title\">Vil du h\u00f8re mere?<\/h2>\t\t\t<div class=\"textwidget\"><p>Udfyld formularen og vi kontakter dig hurtigst muligt.<\/p>\n<\/div>\n\t\t<\/aside><aside id=\"forminator_widget-3\" class=\"widget-odd widget-3 widget inner-padding widget_forminator_widget\"><form id=\"forminator-module-9115\" class=\"forminator-custom-form forminator-custom-form-9115\" method=\"post\" data-forminator-render=\"0\" data-uid=\"69f3e59e2fb6b\"><div role=\"alert\" aria-live=\"polite\" class=\"forminator-response-message forminator-error\" aria-hidden=\"true\"><\/div><\/form><\/aside>\t\t\t\t<\/div>\n\t\t\t\t<\/div>\n\t\t\t\t<\/div>\n\t\t\t\t\t<\/div>\n\t\t\t\t<\/div>\n\t\t<div class=\"elementor-element elementor-element-75f6cf02 light e-flex e-con-boxed e-con e-parent\" data-id=\"75f6cf02\" data-element_type=\"container\" data-e-type=\"container\">\n\t\t\t\t\t<div class=\"e-con-inner\">\n\t\t\t\t<div class=\"elementor-element elementor-element-abbf72a elementor-widget elementor-widget-heading\" data-id=\"abbf72a\" data-element_type=\"widget\" data-e-type=\"widget\" data-widget_type=\"heading.default\">\n\t\t\t\t<div class=\"elementor-widget-container\">\n\t\t\t\t\t<h4 class=\"elementor-heading-title elementor-size-default\">Se billeder fra business her<\/h4>\t\t\t\t<\/div>\n\t\t\t\t<\/div>\n\t\t\t\t<div class=\"elementor-element elementor-element-2aba7201 elementor-widget elementor-widget-gallery\" data-id=\"2aba7201\" data-element_type=\"widget\" data-e-type=\"widget\" data-settings=\"{&quot;gap&quot;:{&quot;unit&quot;:&quot;px&quot;,&quot;size&quot;:30,&quot;sizes&quot;:[]},&quot;aspect_ratio&quot;:&quot;1:1&quot;,&quot;columns_tablet&quot;:3,&quot;columns_mobile&quot;:2,&quot;gap_tablet&quot;:{&quot;unit&quot;:&quot;px&quot;,&quot;size&quot;:15,&quot;sizes&quot;:[]},&quot;gap_mobile&quot;:{&quot;unit&quot;:&quot;px&quot;,&quot;size&quot;:15,&quot;sizes&quot;:[]},&quot;lazyload&quot;:&quot;yes&quot;,&quot;gallery_layout&quot;:&quot;grid&quot;,&quot;columns&quot;:4,&quot;gap_laptop&quot;:{&quot;unit&quot;:&quot;px&quot;,&quot;size&quot;:10,&quot;sizes&quot;:[]},&quot;link_to&quot;:&quot;file&quot;,&quot;content_hover_animation&quot;:&quot;fade-in&quot;}\" data-widget_type=\"gallery.default\">\n\t\t\t\t<div class=\"elementor-widget-container\">\n\t\t\t\t\t\t\t<div class=\"elementor-gallery__container\">\n\t\t\t\t\t\t\t<a class=\"e-gallery-item elementor-gallery-item elementor-animated-content\" href=\"https:\/\/abc-limoservice.com\/wp-content\/uploads\/2023\/01\/van-2-225.jpg\" data-elementor-open-lightbox=\"yes\" data-elementor-lightbox-slideshow=\"2aba7201\" data-e-action-hash=\"#elementor-action%3Aaction%3Dlightbox%26settings%3DeyJpZCI6OTAzOSwidXJsIjoiaHR0cHM6XC9cL2FiYy1saW1vc2VydmljZS5jb21cL3dwLWNvbnRlbnRcL3VwbG9hZHNcLzIwMjNcLzAxXC92YW4tMi0yMjUuanBnIiwic2xpZGVzaG93IjoiMmFiYTcyMDEifQ%3D%3D\" data-rel=\"-image-0\" data-rl_title=\"\" data-rl_caption=\"\" title=\"\">\n\t\t\t\t\t<div class=\"e-gallery-image elementor-gallery-item__image\" data-thumbnail=\"https:\/\/abc-limoservice.com\/wp-content\/uploads\/2023\/01\/van-2-225.jpg\" data-width=\"1440\" data-height=\"1080\" aria-label=\"Nationalmuseet\" role=\"img\" ><\/div>\n\t\t\t\t\t\t\t\t\t\t\t\t\t\t<\/a>\n\t\t\t\t\t\t\t<a class=\"e-gallery-item elementor-gallery-item elementor-animated-content\" href=\"https:\/\/abc-limoservice.com\/wp-content\/uploads\/2023\/01\/sightseeing-2-195.jpg\" data-elementor-open-lightbox=\"yes\" data-elementor-lightbox-slideshow=\"2aba7201\" data-e-action-hash=\"#elementor-action%3Aaction%3Dlightbox%26settings%3DeyJpZCI6OTA0NiwidXJsIjoiaHR0cHM6XC9cL2FiYy1saW1vc2VydmljZS5jb21cL3dwLWNvbnRlbnRcL3VwbG9hZHNcLzIwMjNcLzAxXC9zaWdodHNlZWluZy0yLTE5NS5qcGciLCJzbGlkZXNob3ciOiIyYWJhNzIwMSJ9\" data-rel=\"-image-1\" data-rl_title=\"\" data-rl_caption=\"\" title=\"\">\n\t\t\t\t\t<div class=\"e-gallery-image elementor-gallery-item__image\" data-thumbnail=\"https:\/\/abc-limoservice.com\/wp-content\/uploads\/2023\/01\/sightseeing-2-195.jpg\" data-width=\"1150\" data-height=\"613\" aria-label=\"Mercedes p\u00e5 marken\" role=\"img\" ><\/div>\n\t\t\t\t\t\t\t\t\t\t\t\t\t\t<\/a>\n\t\t\t\t\t\t\t<a class=\"e-gallery-item elementor-gallery-item elementor-animated-content\" href=\"https:\/\/abc-limoservice.com\/wp-content\/uploads\/2023\/01\/abc-sclass-03-117.png\" data-elementor-open-lightbox=\"yes\" data-elementor-lightbox-slideshow=\"2aba7201\" data-e-action-hash=\"#elementor-action%3Aaction%3Dlightbox%26settings%3DeyJpZCI6OTA0MSwidXJsIjoiaHR0cHM6XC9cL2FiYy1saW1vc2VydmljZS5jb21cL3dwLWNvbnRlbnRcL3VwbG9hZHNcLzIwMjNcLzAxXC9hYmMtc2NsYXNzLTAzLTExNy5wbmciLCJzbGlkZXNob3ciOiIyYWJhNzIwMSJ9\" data-rel=\"-image-2\" data-rl_title=\"\" data-rl_caption=\"\" title=\"\">\n\t\t\t\t\t<div class=\"e-gallery-image elementor-gallery-item__image\" data-thumbnail=\"https:\/\/abc-limoservice.com\/wp-content\/uploads\/2023\/01\/abc-sclass-03-117.png\" data-width=\"540\" data-height=\"364\" aria-label=\"Limousine service \" role=\"img\" ><\/div>\n\t\t\t\t\t\t\t\t\t\t\t\t\t\t<\/a>\n\t\t\t\t\t\t\t<a class=\"e-gallery-item elementor-gallery-item elementor-animated-content\" href=\"https:\/\/abc-limoservice.com\/wp-content\/uploads\/2023\/01\/abc-sclass-02-125.png\" data-elementor-open-lightbox=\"yes\" data-elementor-lightbox-slideshow=\"2aba7201\" data-e-action-hash=\"#elementor-action%3Aaction%3Dlightbox%26settings%3DeyJpZCI6OTA0MiwidXJsIjoiaHR0cHM6XC9cL2FiYy1saW1vc2VydmljZS5jb21cL3dwLWNvbnRlbnRcL3VwbG9hZHNcLzIwMjNcLzAxXC9hYmMtc2NsYXNzLTAyLTEyNS5wbmciLCJzbGlkZXNob3ciOiIyYWJhNzIwMSJ9\" data-rel=\"-image-3\" data-rl_title=\"\" data-rl_caption=\"\" title=\"\">\n\t\t\t\t\t<div class=\"e-gallery-image elementor-gallery-item__image\" data-thumbnail=\"https:\/\/abc-limoservice.com\/wp-content\/uploads\/2023\/01\/abc-sclass-02-125.png\" data-width=\"540\" data-height=\"332\" aria-label=\"Private chauffeur \" role=\"img\" ><\/div>\n\t\t\t\t\t\t\t\t\t\t\t\t\t\t<\/a>\n\t\t\t\t\t<\/div>\n\t\t\t\t\t<\/div>\n\t\t\t\t<\/div>\n\t\t\t\t\t<\/div>\n\t\t\t\t<\/div>\n\t\t<div class=\"elementor-element elementor-element-efdd025 overlay white e-flex e-con-boxed e-con e-parent\" data-id=\"efdd025\" data-element_type=\"container\" data-e-type=\"container\" data-settings=\"{&quot;background_background&quot;:&quot;classic&quot;}\">\n\t\t\t\t\t<div class=\"e-con-inner\">\n\t\t\t\t<div class=\"elementor-element elementor-element-5d5ebfa1 elementor-widget__width-initial elementor-widget elementor-widget-text-editor\" data-id=\"5d5ebfa1\" data-element_type=\"widget\" data-e-type=\"widget\" data-widget_type=\"text-editor.default\">\n\t\t\t\t<div class=\"elementor-widget-container\">\n\t\t\t\t\t\t\t\t\t<h3 class=\"wpb_wrapper\">Kontakt os og lad os tage en uforpligtende snak<\/h3>\r\nVi sidder klar til at besvare ethvert sp\u00f8rgsm\u00e5l, du m\u00e5tte have, som du ikke f\u00e5r besvaret her p\u00e5 hjemmesiden. S\u00e5 t\u00f8v ikke med at ringe eller skrive til os. Vi tager med gl\u00e6de en helt uforpligtende snak med dig om dine planer.\t\t\t\t\t\t\t\t<\/div>\n\t\t\t\t<\/div>\n\t\t\t\t<div class=\"elementor-element elementor-element-6a6aba32 elementor-align-center cta elementor-widget elementor-widget-button\" data-id=\"6a6aba32\" data-element_type=\"widget\" data-e-type=\"widget\" data-widget_type=\"button.default\">\n\t\t\t\t<div class=\"elementor-widget-container\">\n\t\t\t\t\t\t\t\t\t<div class=\"elementor-button-wrapper\">\n\t\t\t\t\t<a class=\"elementor-button elementor-button-link elementor-size-sm\" href=\"https:\/\/abc-limoservice.com\/contact\/\">\n\t\t\t\t\t\t<span class=\"elementor-button-content-wrapper\">\n\t\t\t\t\t\t\t\t\t<span class=\"elementor-button-text\">Kontakt os i dag<\/span>\n\t\t\t\t\t<\/span>\n\t\t\t\t\t<\/a>\n\t\t\t\t<\/div>\n\t\t\t\t\t\t\t\t<\/div>\n\t\t\t\t<\/div>\n\t\t\t\t\t<\/div>\n\t\t\t\t<\/div>\n\t\t\t\t<\/div>\n\t\t","protected":false},"excerpt":{"rendered":"<p>Limousine Service, Forretningsk\u00f8rsel og Transfer Service Transfer-service Vores h\u00f8flige og diskrete chauff\u00f8rer vil m\u00f8de dine g\u00e6ster i lufthavnen. Vi fungerer som dine g\u00e6sters personlige chauff\u00f8r ved at pr\u00e6sentere et skilt med dit firmalogo samt dine g\u00e6sters navne. Vi vil sikkert transportere dine g\u00e6ster til deres destination. Transferservice er en naturlig del af en forretningsplan. Roadshows &#8230; <a title=\"Business\" class=\"read-more\" href=\"https:\/\/abc-limoservice.com\/da\/business\/\" aria-label=\"Read more about Business\">L\u00e6s Mere<\/a><\/p>\n","protected":false},"author":5,"featured_media":0,"parent":0,"menu_order":0,"comment_status":"closed","ping_status":"closed","template":"","meta":{"_acf_changed":false,"footnotes":""},"categories":[],"class_list":["post-9105","page","type-page","status-publish"],"acf":[],"yoast_head":"<!-- This site is optimized with the Yoast SEO plugin v27.5 - https:\/\/yoast.com\/product\/yoast-seo-wordpress\/ -->\n<title>Business | A1 Limo &amp; ABC Limoservice<\/title>\n<meta name=\"robots\" content=\"index, follow, max-snippet:-1, max-image-preview:large, max-video-preview:-1\" \/>\n<link rel=\"canonical\" href=\"https:\/\/abc-limoservice.com\/business\/\" \/>\n<meta property=\"og:locale\" content=\"da_DK\" \/>\n<meta property=\"og:type\" content=\"article\" \/>\n<meta property=\"og:title\" content=\"Business | A1 Limo &amp; ABC Limoservice\" \/>\n<meta property=\"og:description\" content=\"Limousine Service, Forretningsk\u00f8rsel og Transfer Service Transfer-service Vores h\u00f8flige og diskrete chauff\u00f8rer vil m\u00f8de dine g\u00e6ster i lufthavnen. Vi fungerer som dine g\u00e6sters personlige chauff\u00f8r ved at pr\u00e6sentere et skilt med dit firmalogo samt dine g\u00e6sters navne. Vi vil sikkert transportere dine g\u00e6ster til deres destination. Transferservice er en naturlig del af en forretningsplan. Roadshows ... L\u00e6s Mere\" \/>\n<meta property=\"og:url\" content=\"https:\/\/abc-limoservice.com\/business\/\" \/>\n<meta property=\"og:site_name\" content=\"A1 Limo &amp; ABC Limoservice\" \/>\n<meta property=\"article:modified_time\" content=\"2024-12-23T09:24:28+00:00\" \/>\n<meta name=\"twitter:card\" content=\"summary_large_image\" \/>\n<meta name=\"twitter:label1\" content=\"Estimeret l\u00e6setid\" \/>\n\t<meta name=\"twitter:data1\" content=\"1 minut\" \/>\n<script type=\"application\/ld+json\" class=\"yoast-schema-graph\">{\"@context\":\"https:\\\/\\\/schema.org\",\"@graph\":[{\"@type\":\"WebPage\",\"@id\":\"https:\\\/\\\/abc-limoservice.com\\\/business\\\/\",\"url\":\"https:\\\/\\\/abc-limoservice.com\\\/business\\\/\",\"name\":\"Business | A1 Limo & ABC Limoservice\",\"isPartOf\":{\"@id\":\"https:\\\/\\\/abc-limoservice.com\\\/#website\"},\"datePublished\":\"2024-11-12T11:51:08+00:00\",\"dateModified\":\"2024-12-23T09:24:28+00:00\",\"breadcrumb\":{\"@id\":\"https:\\\/\\\/abc-limoservice.com\\\/business\\\/#breadcrumb\"},\"inLanguage\":\"da-DK\",\"potentialAction\":[{\"@type\":\"ReadAction\",\"target\":[\"https:\\\/\\\/abc-limoservice.com\\\/business\\\/\"]}]},{\"@type\":\"BreadcrumbList\",\"@id\":\"https:\\\/\\\/abc-limoservice.com\\\/business\\\/#breadcrumb\",\"itemListElement\":[{\"@type\":\"ListItem\",\"position\":1,\"name\":\"Forside\",\"item\":\"https:\\\/\\\/abc-limoservice.com\\\/da\\\/\"},{\"@type\":\"ListItem\",\"position\":2,\"name\":\"Business\"}]},{\"@type\":\"WebSite\",\"@id\":\"https:\\\/\\\/abc-limoservice.com\\\/#website\",\"url\":\"https:\\\/\\\/abc-limoservice.com\\\/\",\"name\":\"A1 Limo & ABC Limoservice\",\"description\":\"Fleksible k\u00f8rselsbehov i K\u00f8benhavn med erfarne og velkl\u00e6dte chauff\u00f8rer og topmoderne biler\",\"publisher\":{\"@id\":\"https:\\\/\\\/abc-limoservice.com\\\/#organization\"},\"potentialAction\":[{\"@type\":\"SearchAction\",\"target\":{\"@type\":\"EntryPoint\",\"urlTemplate\":\"https:\\\/\\\/abc-limoservice.com\\\/?s={search_term_string}\"},\"query-input\":{\"@type\":\"PropertyValueSpecification\",\"valueRequired\":true,\"valueName\":\"search_term_string\"}}],\"inLanguage\":\"da-DK\"},{\"@type\":\"Organization\",\"@id\":\"https:\\\/\\\/abc-limoservice.com\\\/#organization\",\"name\":\"A1 Limo & ABC Limoservice\",\"url\":\"https:\\\/\\\/abc-limoservice.com\\\/\",\"logo\":{\"@type\":\"ImageObject\",\"inLanguage\":\"da-DK\",\"@id\":\"https:\\\/\\\/abc-limoservice.com\\\/#\\\/schema\\\/logo\\\/image\\\/\",\"url\":\"https:\\\/\\\/abc-limoservice.com\\\/wp-content\\\/uploads\\\/2023\\\/09\\\/limologo.jpg\",\"contentUrl\":\"https:\\\/\\\/abc-limoservice.com\\\/wp-content\\\/uploads\\\/2023\\\/09\\\/limologo.jpg\",\"width\":400,\"height\":70,\"caption\":\"A1 Limo & ABC Limoservice\"},\"image\":{\"@id\":\"https:\\\/\\\/abc-limoservice.com\\\/#\\\/schema\\\/logo\\\/image\\\/\"}}]}<\/script>\n<!-- \/ Yoast SEO plugin. -->","yoast_head_json":{"title":"Business | A1 Limo & ABC Limoservice","robots":{"index":"index","follow":"follow","max-snippet":"max-snippet:-1","max-image-preview":"max-image-preview:large","max-video-preview":"max-video-preview:-1"},"canonical":"https:\/\/abc-limoservice.com\/business\/","og_locale":"da_DK","og_type":"article","og_title":"Business | A1 Limo & ABC Limoservice","og_description":"Limousine Service, Forretningsk\u00f8rsel og Transfer Service Transfer-service Vores h\u00f8flige og diskrete chauff\u00f8rer vil m\u00f8de dine g\u00e6ster i lufthavnen. Vi fungerer som dine g\u00e6sters personlige chauff\u00f8r ved at pr\u00e6sentere et skilt med dit firmalogo samt dine g\u00e6sters navne. Vi vil sikkert transportere dine g\u00e6ster til deres destination. Transferservice er en naturlig del af en forretningsplan. Roadshows ... L\u00e6s Mere","og_url":"https:\/\/abc-limoservice.com\/business\/","og_site_name":"A1 Limo & ABC Limoservice","article_modified_time":"2024-12-23T09:24:28+00:00","twitter_card":"summary_large_image","twitter_misc":{"Estimeret l\u00e6setid":"1 minut"},"schema":{"@context":"https:\/\/schema.org","@graph":[{"@type":"WebPage","@id":"https:\/\/abc-limoservice.com\/business\/","url":"https:\/\/abc-limoservice.com\/business\/","name":"Business | A1 Limo & ABC Limoservice","isPartOf":{"@id":"https:\/\/abc-limoservice.com\/#website"},"datePublished":"2024-11-12T11:51:08+00:00","dateModified":"2024-12-23T09:24:28+00:00","breadcrumb":{"@id":"https:\/\/abc-limoservice.com\/business\/#breadcrumb"},"inLanguage":"da-DK","potentialAction":[{"@type":"ReadAction","target":["https:\/\/abc-limoservice.com\/business\/"]}]},{"@type":"BreadcrumbList","@id":"https:\/\/abc-limoservice.com\/business\/#breadcrumb","itemListElement":[{"@type":"ListItem","position":1,"name":"Forside","item":"https:\/\/abc-limoservice.com\/da\/"},{"@type":"ListItem","position":2,"name":"Business"}]},{"@type":"WebSite","@id":"https:\/\/abc-limoservice.com\/#website","url":"https:\/\/abc-limoservice.com\/","name":"A1 Limo & ABC Limoservice","description":"Fleksible k\u00f8rselsbehov i K\u00f8benhavn med erfarne og velkl\u00e6dte chauff\u00f8rer og topmoderne biler","publisher":{"@id":"https:\/\/abc-limoservice.com\/#organization"},"potentialAction":[{"@type":"SearchAction","target":{"@type":"EntryPoint","urlTemplate":"https:\/\/abc-limoservice.com\/?s={search_term_string}"},"query-input":{"@type":"PropertyValueSpecification","valueRequired":true,"valueName":"search_term_string"}}],"inLanguage":"da-DK"},{"@type":"Organization","@id":"https:\/\/abc-limoservice.com\/#organization","name":"A1 Limo & ABC Limoservice","url":"https:\/\/abc-limoservice.com\/","logo":{"@type":"ImageObject","inLanguage":"da-DK","@id":"https:\/\/abc-limoservice.com\/#\/schema\/logo\/image\/","url":"https:\/\/abc-limoservice.com\/wp-content\/uploads\/2023\/09\/limologo.jpg","contentUrl":"https:\/\/abc-limoservice.com\/wp-content\/uploads\/2023\/09\/limologo.jpg","width":400,"height":70,"caption":"A1 Limo & ABC Limoservice"},"image":{"@id":"https:\/\/abc-limoservice.com\/#\/schema\/logo\/image\/"}}]}},"_links":{"self":[{"href":"https:\/\/abc-limoservice.com\/da\/wp-json\/wp\/v2\/pages\/9105","targetHints":{"allow":["GET"]}}],"collection":[{"href":"https:\/\/abc-limoservice.com\/da\/wp-json\/wp\/v2\/pages"}],"about":[{"href":"https:\/\/abc-limoservice.com\/da\/wp-json\/wp\/v2\/types\/page"}],"author":[{"embeddable":true,"href":"https:\/\/abc-limoservice.com\/da\/wp-json\/wp\/v2\/users\/5"}],"replies":[{"embeddable":true,"href":"https:\/\/abc-limoservice.com\/da\/wp-json\/wp\/v2\/comments?post=9105"}],"version-history":[{"count":1,"href":"https:\/\/abc-limoservice.com\/da\/wp-json\/wp\/v2\/pages\/9105\/revisions"}],"predecessor-version":[{"id":9106,"href":"https:\/\/abc-limoservice.com\/da\/wp-json\/wp\/v2\/pages\/9105\/revisions\/9106"}],"wp:attachment":[{"href":"https:\/\/abc-limoservice.com\/da\/wp-json\/wp\/v2\/media?parent=9105"}],"wp:term":[{"taxonomy":"category","embeddable":true,"href":"https:\/\/abc-limoservice.com\/da\/wp-json\/wp\/v2\/categories?post=9105"}],"curies":[{"name":"wp","href":"https:\/\/api.w.org\/{rel}","templated":true}]}}